{"id":102,"date":"2021-04-18T15:49:08","date_gmt":"2021-04-18T13:49:08","guid":{"rendered":"http:\/\/www.v3.cercle-celtique-malville.com\/?page_id=102"},"modified":"2026-04-26T10:10:40","modified_gmt":"2026-04-26T08:10:40","slug":"actualites","status":"publish","type":"page","link":"https:\/\/www.cercle-celtique-malville.com\/","title":{"rendered":"Actualit\u00e9s"},"content":{"rendered":"\n<figure class=\"wp-block-image size-large\"><img loading=\"lazy\" decoding=\"async\" width=\"724\" height=\"1024\" src=\"https:\/\/www.cercle-celtique-malville.com\/wp-content\/uploads\/2026\/04\/594346805_1312457227592042_6362350921865441206_n-724x1024.jpg\" alt=\"\" class=\"wp-image-33704\" srcset=\"https:\/\/www.cercle-celtique-malville.com\/wp-content\/uploads\/2026\/04\/594346805_1312457227592042_6362350921865441206_n-724x1024.jpg 724w, https:\/\/www.cercle-celtique-malville.com\/wp-content\/uploads\/2026\/04\/594346805_1312457227592042_6362350921865441206_n-212x300.jpg 212w, https:\/\/www.cercle-celtique-malville.com\/wp-content\/uploads\/2026\/04\/594346805_1312457227592042_6362350921865441206_n-768x1086.jpg 768w, https:\/\/www.cercle-celtique-malville.com\/wp-content\/uploads\/2026\/04\/594346805_1312457227592042_6362350921865441206_n-1086x1536.jpg 1086w, https:\/\/www.cercle-celtique-malville.com\/wp-content\/uploads\/2026\/04\/594346805_1312457227592042_6362350921865441206_n.jpg 1448w\" sizes=\"auto, (max-width: 724px) 100vw, 724px\" \/><\/figure>\n\n\n\n<figure class=\"wp-block-gallery has-nested-images columns-default is-cropped wp-block-gallery-1 is-layout-flex wp-block-gallery-is-layout-flex\">\n<figure class=\"wp-block-image size-large\"><img loading=\"lazy\" decoding=\"async\" width=\"768\" height=\"1024\" data-id=\"33679\" src=\"https:\/\/www.cercle-celtique-malville.com\/wp-content\/uploads\/2026\/04\/670299342_18149937184474762_67154927237535145_n-768x1024.jpg\" alt=\"\" class=\"wp-image-33679\" srcset=\"https:\/\/www.cercle-celtique-malville.com\/wp-content\/uploads\/2026\/04\/670299342_18149937184474762_67154927237535145_n-768x1024.jpg 768w, https:\/\/www.cercle-celtique-malville.com\/wp-content\/uploads\/2026\/04\/670299342_18149937184474762_67154927237535145_n-225x300.jpg 225w, https:\/\/www.cercle-celtique-malville.com\/wp-content\/uploads\/2026\/04\/670299342_18149937184474762_67154927237535145_n.jpg 1080w\" sizes=\"auto, (max-width: 768px) 100vw, 768px\" \/><\/figure>\n\n\n\n<figure class=\"wp-block-image size-large\"><img loading=\"lazy\" decoding=\"async\" width=\"768\" height=\"1024\" data-id=\"33678\" src=\"https:\/\/www.cercle-celtique-malville.com\/wp-content\/uploads\/2026\/04\/670982607_18149937175474762_5619398727659064581_n-768x1024.jpg\" alt=\"\" class=\"wp-image-33678\" srcset=\"https:\/\/www.cercle-celtique-malville.com\/wp-content\/uploads\/2026\/04\/670982607_18149937175474762_5619398727659064581_n-768x1024.jpg 768w, https:\/\/www.cercle-celtique-malville.com\/wp-content\/uploads\/2026\/04\/670982607_18149937175474762_5619398727659064581_n-225x300.jpg 225w, https:\/\/www.cercle-celtique-malville.com\/wp-content\/uploads\/2026\/04\/670982607_18149937175474762_5619398727659064581_n.jpg 1080w\" sizes=\"auto, (max-width: 768px) 100vw, 768px\" \/><\/figure>\n<\/figure>\n\n\n\n<p><\/p>\n\n\n\n<p><strong> <br>La section loisir, <\/strong> <br><strong>La section enfants  vous accueille le vendredi de 19h00 \u00e0 20h15 et la section spectacle est aussi de 19h00 \u00e0 20h15 plus un samedi par mois au complexe sportif Serge Pl\u00e9e de Malville.<\/strong><\/p>\n\n\n\n<figure class=\"wp-block-embed is-type-video is-provider-youtube wp-block-embed-youtube wp-embed-aspect-16-9 wp-has-aspect-ratio\"><div class=\"wp-block-embed__wrapper\">\n<iframe loading=\"lazy\" title=\"video promo rentr\u00e9e \" width=\"770\" height=\"433\" src=\"https:\/\/www.youtube.com\/embed\/Tv2DmupZ7Cs?feature=oembed\" frameborder=\"0\" allow=\"accelerometer; autoplay; clipboard-write; encrypted-media; gyroscope; picture-in-picture; web-share\" referrerpolicy=\"strict-origin-when-cross-origin\" allowfullscreen><\/iframe>\n<\/div><\/figure>\n","protected":false},"excerpt":{"rendered":"<p>La section loisir, La section enfants vous accueille le vendredi de 19h00 \u00e0 20h15 et la section&hellip;<\/p>\n","protected":false},"author":3,"featured_media":0,"parent":0,"menu_order":0,"comment_status":"closed","ping_status":"closed","template":"","meta":{"footnotes":""},"class_list":["post-102","page","type-page","status-publish","hentry"],"_links":{"self":[{"href":"https:\/\/www.cercle-celtique-malville.com\/index.php\/wp-json\/wp\/v2\/pages\/102","targetHints":{"allow":["GET"]}}],"collection":[{"href":"https:\/\/www.cercle-celtique-malville.com\/index.php\/wp-json\/wp\/v2\/pages"}],"about":[{"href":"https:\/\/www.cercle-celtique-malville.com\/index.php\/wp-json\/wp\/v2\/types\/page"}],"author":[{"embeddable":true,"href":"https:\/\/www.cercle-celtique-malville.com\/index.php\/wp-json\/wp\/v2\/users\/3"}],"replies":[{"embeddable":true,"href":"https:\/\/www.cercle-celtique-malville.com\/index.php\/wp-json\/wp\/v2\/comments?post=102"}],"version-history":[{"count":142,"href":"https:\/\/www.cercle-celtique-malville.com\/index.php\/wp-json\/wp\/v2\/pages\/102\/revisions"}],"predecessor-version":[{"id":33706,"href":"https:\/\/www.cercle-celtique-malville.com\/index.php\/wp-json\/wp\/v2\/pages\/102\/revisions\/33706"}],"wp:attachment":[{"href":"https:\/\/www.cercle-celtique-malville.com\/index.php\/wp-json\/wp\/v2\/media?parent=102"}],"curies":[{"name":"wp","href":"https:\/\/api.w.org\/{rel}","templated":true}]}}