{"id":14,"date":"2020-10-28T20:05:47","date_gmt":"2020-10-28T19:05:47","guid":{"rendered":"http:\/\/www.v3.cercle-celtique-malville.com\/?page_id=14"},"modified":"2024-01-02T19:43:46","modified_gmt":"2024-01-02T18:43:46","slug":"informations","status":"publish","type":"page","link":"https:\/\/www.cercle-celtique-malville.com\/index.php\/informations\/","title":{"rendered":"Informations"},"content":{"rendered":"\n<h2 class=\"wp-block-heading\">R\u00e9p\u00e9titions<br><\/h2>\n\n\n\n<h3 class=\"wp-block-heading\">Section jeunes<\/h3>\n\n\n\n<p>Les r\u00e9p\u00e9titions se d\u00e9roulent le vendredi soir de 19h \u00e0 20h15 \u00e0 la salle du Tilleul de l&rsquo;espace Thalweg, pr\u00e8s de l&rsquo;\u00e9glise \u00e0 Malville. <\/p>\n\n\n\n<h3 class=\"wp-block-heading\">Section loisir<\/h3>\n\n\n\n<p>Les r\u00e9p\u00e9titions se d\u00e9roulent le vendredi soir de 19h \u00e0 20h15 au complexe sportif Serge Pl\u00e9e, dans la salle Ath\u00e9na, \u00e0 Malville.<\/p>\n\n\n\n<h3 class=\"wp-block-heading\">Section spectacle<\/h3>\n\n\n\n<p>Les r\u00e9p\u00e9titions se d\u00e9roulent aussi le vendredi soir de 19h \u00e0 20h15 ainsi qu&rsquo;un samedi par mois au complexe sportif Serge Pl\u00e9e, dans la salle Ath\u00e9na, \u00e0 Malville. <\/p>\n","protected":false},"excerpt":{"rendered":"<p>R\u00e9p\u00e9titions Section jeunes Les r\u00e9p\u00e9titions se d\u00e9roulent le vendredi soir de 19h \u00e0 20h15 \u00e0 la salle&hellip;<\/p>\n","protected":false},"author":3,"featured_media":0,"parent":0,"menu_order":0,"comment_status":"closed","ping_status":"closed","template":"","meta":{"footnotes":""},"class_list":["post-14","page","type-page","status-publish","hentry","no-margin"],"_links":{"self":[{"href":"https:\/\/www.cercle-celtique-malville.com\/index.php\/wp-json\/wp\/v2\/pages\/14","targetHints":{"allow":["GET"]}}],"collection":[{"href":"https:\/\/www.cercle-celtique-malville.com\/index.php\/wp-json\/wp\/v2\/pages"}],"about":[{"href":"https:\/\/www.cercle-celtique-malville.com\/index.php\/wp-json\/wp\/v2\/types\/page"}],"author":[{"embeddable":true,"href":"https:\/\/www.cercle-celtique-malville.com\/index.php\/wp-json\/wp\/v2\/users\/3"}],"replies":[{"embeddable":true,"href":"https:\/\/www.cercle-celtique-malville.com\/index.php\/wp-json\/wp\/v2\/comments?post=14"}],"version-history":[{"count":6,"href":"https:\/\/www.cercle-celtique-malville.com\/index.php\/wp-json\/wp\/v2\/pages\/14\/revisions"}],"predecessor-version":[{"id":747,"href":"https:\/\/www.cercle-celtique-malville.com\/index.php\/wp-json\/wp\/v2\/pages\/14\/revisions\/747"}],"wp:attachment":[{"href":"https:\/\/www.cercle-celtique-malville.com\/index.php\/wp-json\/wp\/v2\/media?parent=14"}],"curies":[{"name":"wp","href":"https:\/\/api.w.org\/{rel}","templated":true}]}}