{"id":62,"date":"2021-04-18T14:30:17","date_gmt":"2021-04-18T12:30:17","guid":{"rendered":"http:\/\/www.v3.cercle-celtique-malville.com\/?page_id=62"},"modified":"2023-07-29T17:01:10","modified_gmt":"2023-07-29T15:01:10","slug":"les-differentes-sections","status":"publish","type":"page","link":"https:\/\/www.cercle-celtique-malville.com\/index.php\/les-differentes-sections\/","title":{"rendered":"Les diff\u00e9rentes sections"},"content":{"rendered":"\n<h3 class=\"wp-block-heading\">Section Jeunes<\/h3>\n\n\n\n<p>Cette section est ouverte aux enfants \u00e0 partir de 6 ans dans\nle but de leur faire d\u00e9couvrir des danses traditionnelles.<\/p>\n\n\n\n<p>Lors des manifestations du cercle, les enfants participent aussi bien aux d\u00e9fil\u00e9s, qu&rsquo;aux animations et qu&rsquo;aux spectacles avec les adultes dans toutes les r\u00e9gions de France o\u00f9 ils sont tr\u00e8s appr\u00e9ci\u00e9s par le public. Les r\u00e9p\u00e9titions ont lieu le vendredi soir de 19h \u00e0 20h15 \u00e0 la salle du Tilleul \u00e0 l&rsquo;espace Thalweg \u00e0 Malville. <\/p>\n\n\n\n<h3 class=\"wp-block-heading\">Section spectacle<\/h3>\n\n\n\n<p>La section spectacle se produit dans les diff\u00e9rents festivals. Elle est compos\u00e9e d&rsquo;adultes et d&rsquo;adolescents et pr\u00e9pare le concours de Kenleur : Tradi&rsquo;deiz (danses traditionnelles et d\u00e9fil\u00e9) en avril \u00e0 Vannes et Meliaj (suite chor\u00e9graphique) en juin.<\/p>\n\n\n\n<p>Les r\u00e9p\u00e9titions ont lieu le vendredi soir de 19h00 \u00e0 21h00 \u00e0 la salle Ath\u00e9na, complexe sportif Serge Pl\u00e9e \u00e0 Malville.<\/p>\n\n\n\n<h3 class=\"wp-block-heading\">Section Loisir<\/h3>\n\n\n\n<p>Les membres de la section spectacle sont de tous \u00e2ges et de tous niveaux. Ils veulent s&rsquo;initier, se perfectionner ou tout simplement prendre du plaisir dans la danse.<\/p>\n\n\n\n<p>Cette section n&rsquo;est pas une section cr\u00e9\u00e9e pour celles et ceux qui n&rsquo;auraient pas le niveau spectacle. Tout le monde peut venir en spectacle comme tout le monde peut aller dans cette section. La diff\u00e9rence est le port du costume et la participation \u00e0 des festivals et f\u00eates. Il est m\u00eame possible de faire plusieurs sections.<\/p>\n\n\n\n<p>Les r\u00e9p\u00e9titions ont lieu le vendredi soir de 19h \u00e0 20h15 \u00e0 la salle Ath\u00e9na du complexe sportif Serge Pl\u00e9e \u00e0 Malville.<\/p>\n\n\n\n<h3 class=\"wp-block-heading\">Section sympathisants <\/h3>\n\n\n\n<p>Cette section est compos\u00e9e de personnes ne souhaitant plus danser mais ayant toujours l&rsquo;envie de partager l&rsquo;esprit et la vie du cercle.<\/p>\n\n\n\n<p>M\u00eame si nous avons besoin de danseurs, cette section est\ntr\u00e8s importante pour la vie de notre association.<\/p>\n","protected":false},"excerpt":{"rendered":"<p>Section Jeunes Cette section est ouverte aux enfants \u00e0 partir de 6 ans dans le but de&hellip;<\/p>\n","protected":false},"author":3,"featured_media":0,"parent":0,"menu_order":0,"comment_status":"closed","ping_status":"closed","template":"","meta":{"footnotes":""},"class_list":["post-62","page","type-page","status-publish","hentry","no-margin"],"_links":{"self":[{"href":"https:\/\/www.cercle-celtique-malville.com\/index.php\/wp-json\/wp\/v2\/pages\/62","targetHints":{"allow":["GET"]}}],"collection":[{"href":"https:\/\/www.cercle-celtique-malville.com\/index.php\/wp-json\/wp\/v2\/pages"}],"about":[{"href":"https:\/\/www.cercle-celtique-malville.com\/index.php\/wp-json\/wp\/v2\/types\/page"}],"author":[{"embeddable":true,"href":"https:\/\/www.cercle-celtique-malville.com\/index.php\/wp-json\/wp\/v2\/users\/3"}],"replies":[{"embeddable":true,"href":"https:\/\/www.cercle-celtique-malville.com\/index.php\/wp-json\/wp\/v2\/comments?post=62"}],"version-history":[{"count":4,"href":"https:\/\/www.cercle-celtique-malville.com\/index.php\/wp-json\/wp\/v2\/pages\/62\/revisions"}],"predecessor-version":[{"id":602,"href":"https:\/\/www.cercle-celtique-malville.com\/index.php\/wp-json\/wp\/v2\/pages\/62\/revisions\/602"}],"wp:attachment":[{"href":"https:\/\/www.cercle-celtique-malville.com\/index.php\/wp-json\/wp\/v2\/media?parent=62"}],"curies":[{"name":"wp","href":"https:\/\/api.w.org\/{rel}","templated":true}]}}