{"id":81,"date":"2021-04-18T14:52:11","date_gmt":"2021-04-18T12:52:11","guid":{"rendered":"http:\/\/www.v3.cercle-celtique-malville.com\/?page_id=81"},"modified":"2026-01-27T15:46:17","modified_gmt":"2026-01-27T14:46:17","slug":"historique-du-cercle","status":"publish","type":"page","link":"https:\/\/www.cercle-celtique-malville.com\/index.php\/historique-du-cercle\/","title":{"rendered":"Historique du cercle"},"content":{"rendered":"\n<p>Le Cercle Celtique \u00ab\u00a0Les Gen\u00eats d&rsquo;Or\u00a0\u00bb de Malville a vu le jour en 1956. Cette ann\u00e9e-l\u00e0, des jeunes malvillois ont dans\u00e9 pour la premi\u00e8re fois \u00e0 la f\u00eate paroissiale du village. L&rsquo;Abb\u00e9 Bourdeau et Michel Ch\u00e9ru les dirig\u00e8rent.<\/p>\n\n\n\n<p>Lors d&rsquo;une prestation \u00e0 Bouvron, le cur\u00e9 donna le nom de \u00ab\u00a0Gen\u00eats d&rsquo;Or\u00a0\u00bb au groupe qui n&rsquo;en n&rsquo;avait pas jusque-l\u00e0.<\/p>\n\n\n\n<p>\u00c0 partir de cette date, le cercle se produit dans divers lieux autour du village de Malville et le quadrille malvillois commen\u00e7a \u00e0 \u00eatre transmis d&rsquo;ann\u00e9e en ann\u00e9e et de g\u00e9n\u00e9ration en g\u00e9n\u00e9ration.<\/p>\n\n\n\n<p>Le cercle eut le renfort de musiciens et m\u00eame si les\ndanseurs \u00e9taient moins nombreux que les danseuses, au fil du temps il\ns&rsquo;agrandit.<\/p>\n\n\n\n<p>L&rsquo;objet est de promouvoir l&rsquo;art, le folklore et le sport\nbretons ainsi que les divers \u00e9l\u00e9ments de la culture bretonne.<\/p>\n\n\n\n<p>Depuis 1969, le cercle participe au concours de danses\ntraditionnelles et de suite chor\u00e9graphique qui se d\u00e9roule tous les ans.<\/p>\n\n\n\n<p>D\u00e8s sa cr\u00e9ation le cercle adh\u00e8re \u00e0 la conf\u00e9d\u00e9ration\nKendalc&rsquo;h et \u00e0 la f\u00e9d\u00e9ration Kendalc&rsquo;h Bro Naoned.<\/p>\n\n\n\n<p>En 1969, le cercle devient une association loi 1901 dont les\nstatuts sont rest\u00e9s pratiquement inchang\u00e9s.<\/p>\n\n\n\n<p>Dans les ann\u00e9es 80, le cercle d\u00e9cide de cr\u00e9er une section pour les enfants de 8 \u00e0 12 ans.<\/p>\n\n\n\n<p>Le cercle a plusieurs fois acc\u00e9d\u00e9 en premi\u00e8re cat\u00e9gorie lors\ndes concours et se stabilise depuis plusieurs ann\u00e9es en deuxi\u00e8me cat\u00e9gorie.<\/p>\n\n\n\n<p>En 1989, l&rsquo;\u00e9cole de musique voit le jour avec un atelier\nbombarde et accord\u00e9on.<\/p>\n\n\n\n<p>En 1995, la section Atelier Danses est cr\u00e9\u00e9e et une\nvingtaine de personnes y participent.<\/p>\n\n\n\n<p>Au cours des ann\u00e9es 2000, de nouveaux costumes sont cr\u00e9\u00e9s\napr\u00e8s des recherches :<\/p>\n\n\n\n<p>En 2001 pour les hommes et les femmes,<\/p>\n\n\n\n<p>En 2009 pour les enfants et les adolescents.<\/p>\n\n\n\n<p>En 2010, les costumes hommes sont enti\u00e8rement refaits \u00e0\nl&rsquo;identique de ceux de 2001.<\/p>\n\n\n\n<p>En 2015, le cercle se lance \u00e0 nouveau dans la recherche et\nrefait les costumes femmes avec les nouveaux \u00e9l\u00e9ments trouv\u00e9s.<\/p>\n\n\n\n<p>Depuis 2018, la coiffe des femmes est modifi\u00e9e pour devenir celle de Savenay. <\/p>\n\n\n\n<p>En 2020, le cercle devient adh\u00e9rent de la nouvelle conf\u00e9d\u00e9ration nationale Kenleur, qui rassemble les anciennes conf\u00e9d\u00e9rations Kendalc\u2019h et Warleur.  <\/p>\n","protected":false},"excerpt":{"rendered":"<p>Le Cercle Celtique \u00ab\u00a0Les Gen\u00eats d&rsquo;Or\u00a0\u00bb de Malville a vu le jour en 1956. Cette ann\u00e9e-l\u00e0, des&hellip;<\/p>\n","protected":false},"author":3,"featured_media":0,"parent":0,"menu_order":0,"comment_status":"closed","ping_status":"closed","template":"","meta":{"footnotes":""},"class_list":["post-81","page","type-page","status-publish","hentry","no-margin"],"_links":{"self":[{"href":"https:\/\/www.cercle-celtique-malville.com\/index.php\/wp-json\/wp\/v2\/pages\/81","targetHints":{"allow":["GET"]}}],"collection":[{"href":"https:\/\/www.cercle-celtique-malville.com\/index.php\/wp-json\/wp\/v2\/pages"}],"about":[{"href":"https:\/\/www.cercle-celtique-malville.com\/index.php\/wp-json\/wp\/v2\/types\/page"}],"author":[{"embeddable":true,"href":"https:\/\/www.cercle-celtique-malville.com\/index.php\/wp-json\/wp\/v2\/users\/3"}],"replies":[{"embeddable":true,"href":"https:\/\/www.cercle-celtique-malville.com\/index.php\/wp-json\/wp\/v2\/comments?post=81"}],"version-history":[{"count":3,"href":"https:\/\/www.cercle-celtique-malville.com\/index.php\/wp-json\/wp\/v2\/pages\/81\/revisions"}],"predecessor-version":[{"id":596,"href":"https:\/\/www.cercle-celtique-malville.com\/index.php\/wp-json\/wp\/v2\/pages\/81\/revisions\/596"}],"wp:attachment":[{"href":"https:\/\/www.cercle-celtique-malville.com\/index.php\/wp-json\/wp\/v2\/media?parent=81"}],"curies":[{"name":"wp","href":"https:\/\/api.w.org\/{rel}","templated":true}]}}