{"id":97,"date":"2021-04-18T15:28:43","date_gmt":"2021-04-18T13:28:43","guid":{"rendered":"http:\/\/www.v3.cercle-celtique-malville.com\/?page_id=97"},"modified":"2026-01-25T11:04:35","modified_gmt":"2026-01-25T10:04:35","slug":"moniteurs-conseil-dadministration","status":"publish","type":"page","link":"https:\/\/www.cercle-celtique-malville.com\/index.php\/moniteurs-conseil-dadministration\/","title":{"rendered":"Moniteurs &#038; Conseil d&rsquo;administration"},"content":{"rendered":"\n<h2 class=\"wp-block-heading\">Moniteurs<\/h2>\n\n\n\n<h3 class=\"wp-block-heading\">Section jeunes<\/h3>\n\n\n\n<p>La  monitrice est Nathalie Hervouet .<\/p>\n\n\n\n<h3 class=\"wp-block-heading\">Section spectacle<\/h3>\n\n\n\n<p>Le moniteur de cette section est Donatien Pelliet.<\/p>\n\n\n\n<h3 class=\"wp-block-heading\">Section loisir<\/h3>\n\n\n\n<p>La monitrice est Corinne Pelliet.<\/p>\n\n\n\n<h2 class=\"wp-block-heading\">Conseil d&rsquo;administration (2025-2026)<\/h2>\n\n\n\n<div class=\"wp-block-media-text alignwide\"><figure class=\"wp-block-media-text__media\"><img loading=\"lazy\" decoding=\"async\" width=\"720\" height=\"540\" src=\"http:\/\/www.cercle-celtique-malville.com\/wp-content\/uploads\/2024\/02\/421951685_810071391163964_1121295826767107929_n.jpg\" alt=\"\" class=\"wp-image-753\" srcset=\"https:\/\/www.cercle-celtique-malville.com\/wp-content\/uploads\/2024\/02\/421951685_810071391163964_1121295826767107929_n.jpg 720w, https:\/\/www.cercle-celtique-malville.com\/wp-content\/uploads\/2024\/02\/421951685_810071391163964_1121295826767107929_n-300x225.jpg 300w\" sizes=\"auto, (max-width: 720px) 100vw, 720px\" \/><\/figure><div class=\"wp-block-media-text__content\">\n<p>Pr\u00e9sident : St\u00e9phane SEROUX<\/p>\n\n\n\n<p>Vice-pr\u00e9sidente :  Corinne PELLIET<\/p>\n\n\n\n<p>Tr\u00e9sori\u00e8re : Katell RABY<\/p>\n\n\n\n<p>Tr\u00e9sori\u00e8re adjointe : Soazig CARCAT<\/p>\n\n\n\n<p>Secr\u00e9taire :  Gw\u00e9na\u00eblle GOURMELON<\/p>\n\n\n\n<p>Secr\u00e9taire adjointe : Nathalie HERVOUET<\/p>\n\n\n\n<p>Membres : Perinne CHEVALIER, Clementine DERSOIR, Anne CARCAT, PELLIET Donatien, FONTAINE Christine et Nina BRETONNIERE.<\/p>\n<\/div><\/div>\n","protected":false},"excerpt":{"rendered":"<p>Moniteurs Section jeunes La monitrice est Nathalie Hervouet . Section spectacle Le moniteur de cette section est&hellip;<\/p>\n","protected":false},"author":3,"featured_media":0,"parent":0,"menu_order":0,"comment_status":"closed","ping_status":"closed","template":"","meta":{"footnotes":""},"class_list":["post-97","page","type-page","status-publish","hentry","no-margin"],"_links":{"self":[{"href":"https:\/\/www.cercle-celtique-malville.com\/index.php\/wp-json\/wp\/v2\/pages\/97","targetHints":{"allow":["GET"]}}],"collection":[{"href":"https:\/\/www.cercle-celtique-malville.com\/index.php\/wp-json\/wp\/v2\/pages"}],"about":[{"href":"https:\/\/www.cercle-celtique-malville.com\/index.php\/wp-json\/wp\/v2\/types\/page"}],"author":[{"embeddable":true,"href":"https:\/\/www.cercle-celtique-malville.com\/index.php\/wp-json\/wp\/v2\/users\/3"}],"replies":[{"embeddable":true,"href":"https:\/\/www.cercle-celtique-malville.com\/index.php\/wp-json\/wp\/v2\/comments?post=97"}],"version-history":[{"count":21,"href":"https:\/\/www.cercle-celtique-malville.com\/index.php\/wp-json\/wp\/v2\/pages\/97\/revisions"}],"predecessor-version":[{"id":33615,"href":"https:\/\/www.cercle-celtique-malville.com\/index.php\/wp-json\/wp\/v2\/pages\/97\/revisions\/33615"}],"wp:attachment":[{"href":"https:\/\/www.cercle-celtique-malville.com\/index.php\/wp-json\/wp\/v2\/media?parent=97"}],"curies":[{"name":"wp","href":"https:\/\/api.w.org\/{rel}","templated":true}]}}